{"id":544,"date":"2020-04-23T10:00:58","date_gmt":"2020-04-23T08:00:58","guid":{"rendered":"https:\/\/www.anticofrantoionunzi.it\/prodotto\/salse\/"},"modified":"2025-11-27T18:48:10","modified_gmt":"2025-11-27T17:48:10","slug":"saucen","status":"publish","type":"product","link":"https:\/\/www.anticofrantoionunzi.it\/de\/prodotto\/saucen\/","title":{"rendered":"Saucen"},"content":{"rendered":"","protected":false},"excerpt":{"rendered":"<p>Die Olivencreme von Nunzi schenkt jeder Speise Geschmack und Form.<br \/>\nIdeal f\u00fcr den ersten Gang oder als Aufstrich auf ger\u00f6stetem Brot.<br \/>\nDie Saucen eignen sich vor allem f\u00fcr Brotaufstriche, als F\u00fcllung, f\u00fcr Vorspeisen, f\u00fcr den ersten oder zweiten Gang.<\/p>\n","protected":false},"featured_media":545,"template":"","meta":[],"product_brand":[],"product_cat":[41],"product_tag":[],"class_list":{"0":"post-544","1":"product","2":"type-product","3":"status-publish","4":"has-post-thumbnail","6":"product_cat-saucen","7":"product_shipping_class-salse-e-condimenti-de","9":"first","10":"instock","11":"shipping-taxable","12":"purchasable","13":"product-type-variable"},"yoast_head":"<!-- This site is optimized with the Yoast SEO plugin v26.6 - https:\/\/yoast.com\/wordpress\/plugins\/seo\/ -->\n<title>Saucen - Frantoio Nunzi, Bevagna Umbria IT<\/title>\n<meta name=\"robots\" content=\"index, follow, max-snippet:-1, max-image-preview:large, max-video-preview:-1\" \/>\n<link rel=\"canonical\" href=\"https:\/\/www.anticofrantoionunzi.it\/de\/prodotto\/saucen\/\" \/>\n<meta property=\"og:locale\" content=\"de_DE\" \/>\n<meta property=\"og:type\" content=\"article\" \/>\n<meta property=\"og:title\" content=\"Saucen - Frantoio Nunzi, Bevagna Umbria IT\" \/>\n<meta property=\"og:description\" content=\"Die Olivencreme von Nunzi schenkt jeder Speise Geschmack und Form. Ideal f\u00fcr den ersten Gang oder als Aufstrich auf ger\u00f6stetem Brot. Die Saucen eignen sich vor allem f\u00fcr Brotaufstriche, als F\u00fcllung, f\u00fcr Vorspeisen, f\u00fcr den ersten oder zweiten Gang.\" \/>\n<meta property=\"og:url\" content=\"https:\/\/www.anticofrantoionunzi.it\/de\/prodotto\/saucen\/\" \/>\n<meta property=\"og:site_name\" content=\"Frantoio Nunzi, Bevagna Umbria IT\" \/>\n<meta property=\"article:modified_time\" content=\"2025-11-27T17:48:10+00:00\" \/>\n<meta property=\"og:image\" content=\"https:\/\/www.anticofrantoionunzi.it\/wp-content\/uploads\/2019\/12\/NUNZI-prodotti-salse.jpg\" \/>\n\t<meta property=\"og:image:width\" content=\"598\" \/>\n\t<meta property=\"og:image:height\" content=\"845\" \/>\n\t<meta property=\"og:image:type\" content=\"image\/jpeg\" \/>\n<meta name=\"twitter:card\" content=\"summary_large_image\" \/>\n<script type=\"application\/ld+json\" class=\"yoast-schema-graph\">{\"@context\":\"https:\/\/schema.org\",\"@graph\":[{\"@type\":\"WebPage\",\"@id\":\"https:\/\/www.anticofrantoionunzi.it\/de\/prodotto\/saucen\/\",\"url\":\"https:\/\/www.anticofrantoionunzi.it\/de\/prodotto\/saucen\/\",\"name\":\"Saucen - Frantoio Nunzi, Bevagna Umbria IT\",\"isPartOf\":{\"@id\":\"https:\/\/www.anticofrantoionunzi.it\/de\/#website\"},\"primaryImageOfPage\":{\"@id\":\"https:\/\/www.anticofrantoionunzi.it\/de\/prodotto\/saucen\/#primaryimage\"},\"image\":{\"@id\":\"https:\/\/www.anticofrantoionunzi.it\/de\/prodotto\/saucen\/#primaryimage\"},\"thumbnailUrl\":\"https:\/\/www.anticofrantoionunzi.it\/wp-content\/uploads\/2019\/12\/NUNZI-prodotti-salse.jpg\",\"datePublished\":\"2020-04-23T08:00:58+00:00\",\"dateModified\":\"2025-11-27T17:48:10+00:00\",\"breadcrumb\":{\"@id\":\"https:\/\/www.anticofrantoionunzi.it\/de\/prodotto\/saucen\/#breadcrumb\"},\"inLanguage\":\"de\",\"potentialAction\":[{\"@type\":\"ReadAction\",\"target\":[\"https:\/\/www.anticofrantoionunzi.it\/de\/prodotto\/saucen\/\"]}]},{\"@type\":\"ImageObject\",\"inLanguage\":\"de\",\"@id\":\"https:\/\/www.anticofrantoionunzi.it\/de\/prodotto\/saucen\/#primaryimage\",\"url\":\"https:\/\/www.anticofrantoionunzi.it\/wp-content\/uploads\/2019\/12\/NUNZI-prodotti-salse.jpg\",\"contentUrl\":\"https:\/\/www.anticofrantoionunzi.it\/wp-content\/uploads\/2019\/12\/NUNZI-prodotti-salse.jpg\",\"width\":598,\"height\":845},{\"@type\":\"BreadcrumbList\",\"@id\":\"https:\/\/www.anticofrantoionunzi.it\/de\/prodotto\/saucen\/#breadcrumb\",\"itemListElement\":[{\"@type\":\"ListItem\",\"position\":1,\"name\":\"Home\",\"item\":\"https:\/\/www.anticofrantoionunzi.it\/de\/\"},{\"@type\":\"ListItem\",\"position\":2,\"name\":\"Produkte\",\"item\":\"https:\/\/www.anticofrantoionunzi.it\/de\/shop\/\"},{\"@type\":\"ListItem\",\"position\":3,\"name\":\"Saucen\"}]},{\"@type\":\"WebSite\",\"@id\":\"https:\/\/www.anticofrantoionunzi.it\/de\/#website\",\"url\":\"https:\/\/www.anticofrantoionunzi.it\/de\/\",\"name\":\"Frantoio Nunzi, Bevagna Umbria IT\",\"description\":\"Olio extravergine di oliva italiano\",\"potentialAction\":[{\"@type\":\"SearchAction\",\"target\":{\"@type\":\"EntryPoint\",\"urlTemplate\":\"https:\/\/www.anticofrantoionunzi.it\/de\/?s={search_term_string}\"},\"query-input\":{\"@type\":\"PropertyValueSpecification\",\"valueRequired\":true,\"valueName\":\"search_term_string\"}}],\"inLanguage\":\"de\"}]}<\/script>\n<!-- \/ Yoast SEO plugin. -->","yoast_head_json":{"title":"Saucen - Frantoio Nunzi, Bevagna Umbria IT","robots":{"index":"index","follow":"follow","max-snippet":"max-snippet:-1","max-image-preview":"max-image-preview:large","max-video-preview":"max-video-preview:-1"},"canonical":"https:\/\/www.anticofrantoionunzi.it\/de\/prodotto\/saucen\/","og_locale":"de_DE","og_type":"article","og_title":"Saucen - Frantoio Nunzi, Bevagna Umbria IT","og_description":"Die Olivencreme von Nunzi schenkt jeder Speise Geschmack und Form. Ideal f\u00fcr den ersten Gang oder als Aufstrich auf ger\u00f6stetem Brot. Die Saucen eignen sich vor allem f\u00fcr Brotaufstriche, als F\u00fcllung, f\u00fcr Vorspeisen, f\u00fcr den ersten oder zweiten Gang.","og_url":"https:\/\/www.anticofrantoionunzi.it\/de\/prodotto\/saucen\/","og_site_name":"Frantoio Nunzi, Bevagna Umbria IT","article_modified_time":"2025-11-27T17:48:10+00:00","og_image":[{"width":598,"height":845,"url":"https:\/\/www.anticofrantoionunzi.it\/wp-content\/uploads\/2019\/12\/NUNZI-prodotti-salse.jpg","type":"image\/jpeg"}],"twitter_card":"summary_large_image","schema":{"@context":"https:\/\/schema.org","@graph":[{"@type":"WebPage","@id":"https:\/\/www.anticofrantoionunzi.it\/de\/prodotto\/saucen\/","url":"https:\/\/www.anticofrantoionunzi.it\/de\/prodotto\/saucen\/","name":"Saucen - Frantoio Nunzi, Bevagna Umbria IT","isPartOf":{"@id":"https:\/\/www.anticofrantoionunzi.it\/de\/#website"},"primaryImageOfPage":{"@id":"https:\/\/www.anticofrantoionunzi.it\/de\/prodotto\/saucen\/#primaryimage"},"image":{"@id":"https:\/\/www.anticofrantoionunzi.it\/de\/prodotto\/saucen\/#primaryimage"},"thumbnailUrl":"https:\/\/www.anticofrantoionunzi.it\/wp-content\/uploads\/2019\/12\/NUNZI-prodotti-salse.jpg","datePublished":"2020-04-23T08:00:58+00:00","dateModified":"2025-11-27T17:48:10+00:00","breadcrumb":{"@id":"https:\/\/www.anticofrantoionunzi.it\/de\/prodotto\/saucen\/#breadcrumb"},"inLanguage":"de","potentialAction":[{"@type":"ReadAction","target":["https:\/\/www.anticofrantoionunzi.it\/de\/prodotto\/saucen\/"]}]},{"@type":"ImageObject","inLanguage":"de","@id":"https:\/\/www.anticofrantoionunzi.it\/de\/prodotto\/saucen\/#primaryimage","url":"https:\/\/www.anticofrantoionunzi.it\/wp-content\/uploads\/2019\/12\/NUNZI-prodotti-salse.jpg","contentUrl":"https:\/\/www.anticofrantoionunzi.it\/wp-content\/uploads\/2019\/12\/NUNZI-prodotti-salse.jpg","width":598,"height":845},{"@type":"BreadcrumbList","@id":"https:\/\/www.anticofrantoionunzi.it\/de\/prodotto\/saucen\/#breadcrumb","itemListElement":[{"@type":"ListItem","position":1,"name":"Home","item":"https:\/\/www.anticofrantoionunzi.it\/de\/"},{"@type":"ListItem","position":2,"name":"Produkte","item":"https:\/\/www.anticofrantoionunzi.it\/de\/shop\/"},{"@type":"ListItem","position":3,"name":"Saucen"}]},{"@type":"WebSite","@id":"https:\/\/www.anticofrantoionunzi.it\/de\/#website","url":"https:\/\/www.anticofrantoionunzi.it\/de\/","name":"Frantoio Nunzi, Bevagna Umbria IT","description":"Olio extravergine di oliva italiano","potentialAction":[{"@type":"SearchAction","target":{"@type":"EntryPoint","urlTemplate":"https:\/\/www.anticofrantoionunzi.it\/de\/?s={search_term_string}"},"query-input":{"@type":"PropertyValueSpecification","valueRequired":true,"valueName":"search_term_string"}}],"inLanguage":"de"}]}},"_links":{"self":[{"href":"https:\/\/www.anticofrantoionunzi.it\/de\/wp-json\/wp\/v2\/product\/544","targetHints":{"allow":["GET"]}}],"collection":[{"href":"https:\/\/www.anticofrantoionunzi.it\/de\/wp-json\/wp\/v2\/product"}],"about":[{"href":"https:\/\/www.anticofrantoionunzi.it\/de\/wp-json\/wp\/v2\/types\/product"}],"wp:featuredmedia":[{"embeddable":true,"href":"https:\/\/www.anticofrantoionunzi.it\/de\/wp-json\/wp\/v2\/media\/545"}],"wp:attachment":[{"href":"https:\/\/www.anticofrantoionunzi.it\/de\/wp-json\/wp\/v2\/media?parent=544"}],"wp:term":[{"taxonomy":"product_brand","embeddable":true,"href":"https:\/\/www.anticofrantoionunzi.it\/de\/wp-json\/wp\/v2\/product_brand?post=544"},{"taxonomy":"product_cat","embeddable":true,"href":"https:\/\/www.anticofrantoionunzi.it\/de\/wp-json\/wp\/v2\/product_cat?post=544"},{"taxonomy":"product_tag","embeddable":true,"href":"https:\/\/www.anticofrantoionunzi.it\/de\/wp-json\/wp\/v2\/product_tag?post=544"}],"curies":[{"name":"wp","href":"https:\/\/api.w.org\/{rel}","templated":true}]}}