{"id":557,"date":"2020-04-23T09:15:01","date_gmt":"2020-04-23T07:15:01","guid":{"rendered":"https:\/\/www.anticofrantoionunzi.it\/prodotto\/olio-extravergine-doliva-lattina\/"},"modified":"2026-01-05T19:55:16","modified_gmt":"2026-01-05T18:55:16","slug":"natives-olivenoel-extra-blechdosen","status":"publish","type":"product","link":"https:\/\/www.anticofrantoionunzi.it\/de\/prodotto\/natives-olivenoel-extra-blechdosen\/","title":{"rendered":"Natives Oliven\u00f6l extra NO"},"content":{"rendered":"<div class=\"wpb-content-wrapper\"><p>[vc_row][vc_column width=&#8221;1\/3&#8243;][vc_column_text css=&#8221;&#8221;]ERNTE: Oktober &#8211; November.<\/p>\n<p>LAGERUNG: in Edelstahlsilos.<\/p>\n<p>VERMARKTUNG:<br \/>\nWird innerhalb von 1 Jahr nach der Gewinnung verpackt und verkauft.[\/vc_column_text][\/vc_column][vc_column width=&#8221;1\/3&#8243;][vc_column_text css=&#8221;&#8221;]FARBE:<br \/>\nGr\u00fcn, mit leicht gelblicher Note<\/p>\n<p>DUFT:<br \/>\nFruchtig, mit Grasnote[\/vc_column_text][\/vc_column][vc_column width=&#8221;1\/3&#8243;][vc_column_text css=&#8221;&#8221;]GESCHMACK:<br \/>\nAusgewogen, mit dem f\u00fcr dieses Gebiet typischen, w\u00fcrzigen Geschmack, unterst\u00fctzt durch angenehme bittere Noten.<\/p>\n<p>KOMBINATION:<br \/>\nAusgezeichnet roh, um Grillfleisch, Suppen und Gem\u00fcse zu verfeinern.[\/vc_column_text][\/vc_column][\/vc_row]<\/p>\n<\/div>","protected":false},"excerpt":{"rendered":"<p>Das native Oliven\u00f6l extra von Nunzi hat einen intensiven und anhaltenden Duft mit Grasnote. Ausgeglichener Geschmack, m\u00e4\u00dfig bitter und w\u00fcrzig.<\/p>\n","protected":false},"featured_media":1003,"template":"","meta":[],"product_brand":[],"product_cat":[38],"product_tag":[],"class_list":{"0":"post-557","1":"product","2":"type-product","3":"status-publish","4":"has-post-thumbnail","6":"product_cat-olivenoel","7":"product_shipping_class-lattine-de","9":"first","10":"instock","11":"shipping-taxable","12":"purchasable","13":"product-type-variable"},"yoast_head":"<!-- This site is optimized with the Yoast SEO plugin v26.6 - https:\/\/yoast.com\/wordpress\/plugins\/seo\/ -->\n<title>Natives Oliven\u00f6l extra NO - Frantoio Nunzi, Bevagna Umbria IT<\/title>\n<meta name=\"robots\" content=\"index, follow, max-snippet:-1, max-image-preview:large, max-video-preview:-1\" \/>\n<link rel=\"canonical\" href=\"https:\/\/www.anticofrantoionunzi.it\/de\/prodotto\/natives-olivenoel-extra-blechdosen\/\" \/>\n<meta property=\"og:locale\" content=\"de_DE\" \/>\n<meta property=\"og:type\" content=\"article\" \/>\n<meta property=\"og:title\" content=\"Natives Oliven\u00f6l extra NO - Frantoio Nunzi, Bevagna Umbria IT\" \/>\n<meta property=\"og:description\" content=\"Das native Oliven\u00f6l extra von Nunzi hat einen intensiven und anhaltenden Duft mit Grasnote. Ausgeglichener Geschmack, m\u00e4\u00dfig bitter und w\u00fcrzig.\" \/>\n<meta property=\"og:url\" content=\"https:\/\/www.anticofrantoionunzi.it\/de\/prodotto\/natives-olivenoel-extra-blechdosen\/\" \/>\n<meta property=\"og:site_name\" content=\"Frantoio Nunzi, Bevagna Umbria IT\" \/>\n<meta property=\"article:modified_time\" content=\"2026-01-05T18:55:16+00:00\" \/>\n<meta property=\"og:image\" content=\"https:\/\/www.anticofrantoionunzi.it\/wp-content\/uploads\/2020\/04\/nunzi_ago22_28_pf_evidenza.jpg\" \/>\n\t<meta property=\"og:image:width\" content=\"950\" \/>\n\t<meta property=\"og:image:height\" content=\"1200\" \/>\n\t<meta property=\"og:image:type\" content=\"image\/jpeg\" \/>\n<meta name=\"twitter:card\" content=\"summary_large_image\" \/>\n<meta name=\"twitter:label1\" content=\"Gesch\u00e4tzte Lesezeit\" \/>\n\t<meta name=\"twitter:data1\" content=\"1\u00a0Minute\" \/>\n<script type=\"application\/ld+json\" class=\"yoast-schema-graph\">{\"@context\":\"https:\/\/schema.org\",\"@graph\":[{\"@type\":\"WebPage\",\"@id\":\"https:\/\/www.anticofrantoionunzi.it\/de\/prodotto\/natives-olivenoel-extra-blechdosen\/\",\"url\":\"https:\/\/www.anticofrantoionunzi.it\/de\/prodotto\/natives-olivenoel-extra-blechdosen\/\",\"name\":\"Natives Oliven\u00f6l extra NO - Frantoio Nunzi, Bevagna Umbria IT\",\"isPartOf\":{\"@id\":\"https:\/\/www.anticofrantoionunzi.it\/de\/#website\"},\"primaryImageOfPage\":{\"@id\":\"https:\/\/www.anticofrantoionunzi.it\/de\/prodotto\/natives-olivenoel-extra-blechdosen\/#primaryimage\"},\"image\":{\"@id\":\"https:\/\/www.anticofrantoionunzi.it\/de\/prodotto\/natives-olivenoel-extra-blechdosen\/#primaryimage\"},\"thumbnailUrl\":\"https:\/\/www.anticofrantoionunzi.it\/wp-content\/uploads\/2020\/04\/nunzi_ago22_28_pf_evidenza.jpg\",\"datePublished\":\"2020-04-23T07:15:01+00:00\",\"dateModified\":\"2026-01-05T18:55:16+00:00\",\"breadcrumb\":{\"@id\":\"https:\/\/www.anticofrantoionunzi.it\/de\/prodotto\/natives-olivenoel-extra-blechdosen\/#breadcrumb\"},\"inLanguage\":\"de\",\"potentialAction\":[{\"@type\":\"ReadAction\",\"target\":[\"https:\/\/www.anticofrantoionunzi.it\/de\/prodotto\/natives-olivenoel-extra-blechdosen\/\"]}]},{\"@type\":\"ImageObject\",\"inLanguage\":\"de\",\"@id\":\"https:\/\/www.anticofrantoionunzi.it\/de\/prodotto\/natives-olivenoel-extra-blechdosen\/#primaryimage\",\"url\":\"https:\/\/www.anticofrantoionunzi.it\/wp-content\/uploads\/2020\/04\/nunzi_ago22_28_pf_evidenza.jpg\",\"contentUrl\":\"https:\/\/www.anticofrantoionunzi.it\/wp-content\/uploads\/2020\/04\/nunzi_ago22_28_pf_evidenza.jpg\",\"width\":950,\"height\":1200},{\"@type\":\"BreadcrumbList\",\"@id\":\"https:\/\/www.anticofrantoionunzi.it\/de\/prodotto\/natives-olivenoel-extra-blechdosen\/#breadcrumb\",\"itemListElement\":[{\"@type\":\"ListItem\",\"position\":1,\"name\":\"Home\",\"item\":\"https:\/\/www.anticofrantoionunzi.it\/de\/\"},{\"@type\":\"ListItem\",\"position\":2,\"name\":\"Produkte\",\"item\":\"https:\/\/www.anticofrantoionunzi.it\/de\/shop\/\"},{\"@type\":\"ListItem\",\"position\":3,\"name\":\"Natives Oliven\u00f6l extra NO\"}]},{\"@type\":\"WebSite\",\"@id\":\"https:\/\/www.anticofrantoionunzi.it\/de\/#website\",\"url\":\"https:\/\/www.anticofrantoionunzi.it\/de\/\",\"name\":\"Frantoio Nunzi, Bevagna Umbria IT\",\"description\":\"Olio extravergine di oliva italiano\",\"potentialAction\":[{\"@type\":\"SearchAction\",\"target\":{\"@type\":\"EntryPoint\",\"urlTemplate\":\"https:\/\/www.anticofrantoionunzi.it\/de\/?s={search_term_string}\"},\"query-input\":{\"@type\":\"PropertyValueSpecification\",\"valueRequired\":true,\"valueName\":\"search_term_string\"}}],\"inLanguage\":\"de\"}]}<\/script>\n<!-- \/ Yoast SEO plugin. -->","yoast_head_json":{"title":"Natives Oliven\u00f6l extra NO - Frantoio Nunzi, Bevagna Umbria IT","robots":{"index":"index","follow":"follow","max-snippet":"max-snippet:-1","max-image-preview":"max-image-preview:large","max-video-preview":"max-video-preview:-1"},"canonical":"https:\/\/www.anticofrantoionunzi.it\/de\/prodotto\/natives-olivenoel-extra-blechdosen\/","og_locale":"de_DE","og_type":"article","og_title":"Natives Oliven\u00f6l extra NO - Frantoio Nunzi, Bevagna Umbria IT","og_description":"Das native Oliven\u00f6l extra von Nunzi hat einen intensiven und anhaltenden Duft mit Grasnote. Ausgeglichener Geschmack, m\u00e4\u00dfig bitter und w\u00fcrzig.","og_url":"https:\/\/www.anticofrantoionunzi.it\/de\/prodotto\/natives-olivenoel-extra-blechdosen\/","og_site_name":"Frantoio Nunzi, Bevagna Umbria IT","article_modified_time":"2026-01-05T18:55:16+00:00","og_image":[{"width":950,"height":1200,"url":"https:\/\/www.anticofrantoionunzi.it\/wp-content\/uploads\/2020\/04\/nunzi_ago22_28_pf_evidenza.jpg","type":"image\/jpeg"}],"twitter_card":"summary_large_image","twitter_misc":{"Gesch\u00e4tzte Lesezeit":"1\u00a0Minute"},"schema":{"@context":"https:\/\/schema.org","@graph":[{"@type":"WebPage","@id":"https:\/\/www.anticofrantoionunzi.it\/de\/prodotto\/natives-olivenoel-extra-blechdosen\/","url":"https:\/\/www.anticofrantoionunzi.it\/de\/prodotto\/natives-olivenoel-extra-blechdosen\/","name":"Natives Oliven\u00f6l extra NO - Frantoio Nunzi, Bevagna Umbria IT","isPartOf":{"@id":"https:\/\/www.anticofrantoionunzi.it\/de\/#website"},"primaryImageOfPage":{"@id":"https:\/\/www.anticofrantoionunzi.it\/de\/prodotto\/natives-olivenoel-extra-blechdosen\/#primaryimage"},"image":{"@id":"https:\/\/www.anticofrantoionunzi.it\/de\/prodotto\/natives-olivenoel-extra-blechdosen\/#primaryimage"},"thumbnailUrl":"https:\/\/www.anticofrantoionunzi.it\/wp-content\/uploads\/2020\/04\/nunzi_ago22_28_pf_evidenza.jpg","datePublished":"2020-04-23T07:15:01+00:00","dateModified":"2026-01-05T18:55:16+00:00","breadcrumb":{"@id":"https:\/\/www.anticofrantoionunzi.it\/de\/prodotto\/natives-olivenoel-extra-blechdosen\/#breadcrumb"},"inLanguage":"de","potentialAction":[{"@type":"ReadAction","target":["https:\/\/www.anticofrantoionunzi.it\/de\/prodotto\/natives-olivenoel-extra-blechdosen\/"]}]},{"@type":"ImageObject","inLanguage":"de","@id":"https:\/\/www.anticofrantoionunzi.it\/de\/prodotto\/natives-olivenoel-extra-blechdosen\/#primaryimage","url":"https:\/\/www.anticofrantoionunzi.it\/wp-content\/uploads\/2020\/04\/nunzi_ago22_28_pf_evidenza.jpg","contentUrl":"https:\/\/www.anticofrantoionunzi.it\/wp-content\/uploads\/2020\/04\/nunzi_ago22_28_pf_evidenza.jpg","width":950,"height":1200},{"@type":"BreadcrumbList","@id":"https:\/\/www.anticofrantoionunzi.it\/de\/prodotto\/natives-olivenoel-extra-blechdosen\/#breadcrumb","itemListElement":[{"@type":"ListItem","position":1,"name":"Home","item":"https:\/\/www.anticofrantoionunzi.it\/de\/"},{"@type":"ListItem","position":2,"name":"Produkte","item":"https:\/\/www.anticofrantoionunzi.it\/de\/shop\/"},{"@type":"ListItem","position":3,"name":"Natives Oliven\u00f6l extra NO"}]},{"@type":"WebSite","@id":"https:\/\/www.anticofrantoionunzi.it\/de\/#website","url":"https:\/\/www.anticofrantoionunzi.it\/de\/","name":"Frantoio Nunzi, Bevagna Umbria IT","description":"Olio extravergine di oliva italiano","potentialAction":[{"@type":"SearchAction","target":{"@type":"EntryPoint","urlTemplate":"https:\/\/www.anticofrantoionunzi.it\/de\/?s={search_term_string}"},"query-input":{"@type":"PropertyValueSpecification","valueRequired":true,"valueName":"search_term_string"}}],"inLanguage":"de"}]}},"_links":{"self":[{"href":"https:\/\/www.anticofrantoionunzi.it\/de\/wp-json\/wp\/v2\/product\/557","targetHints":{"allow":["GET"]}}],"collection":[{"href":"https:\/\/www.anticofrantoionunzi.it\/de\/wp-json\/wp\/v2\/product"}],"about":[{"href":"https:\/\/www.anticofrantoionunzi.it\/de\/wp-json\/wp\/v2\/types\/product"}],"wp:featuredmedia":[{"embeddable":true,"href":"https:\/\/www.anticofrantoionunzi.it\/de\/wp-json\/wp\/v2\/media\/1003"}],"wp:attachment":[{"href":"https:\/\/www.anticofrantoionunzi.it\/de\/wp-json\/wp\/v2\/media?parent=557"}],"wp:term":[{"taxonomy":"product_brand","embeddable":true,"href":"https:\/\/www.anticofrantoionunzi.it\/de\/wp-json\/wp\/v2\/product_brand?post=557"},{"taxonomy":"product_cat","embeddable":true,"href":"https:\/\/www.anticofrantoionunzi.it\/de\/wp-json\/wp\/v2\/product_cat?post=557"},{"taxonomy":"product_tag","embeddable":true,"href":"https:\/\/www.anticofrantoionunzi.it\/de\/wp-json\/wp\/v2\/product_tag?post=557"}],"curies":[{"name":"wp","href":"https:\/\/api.w.org\/{rel}","templated":true}]}}