{"id":899,"date":"2021-10-14T02:13:00","date_gmt":"2021-10-14T00:13:00","guid":{"rendered":"https:\/\/www.anticofrantoionunzi.it\/?post_type=product&#038;p=899"},"modified":"2021-10-14T02:35:07","modified_gmt":"2021-10-14T00:35:07","slug":"kosmetik-linie","status":"publish","type":"product","link":"https:\/\/www.anticofrantoionunzi.it\/de\/prodotto\/kosmetik-linie\/","title":{"rendered":"Kosmetik Linie"},"content":{"rendered":"<p>Extranatives Oliven\u00f6l, ein wichtiger Bestandteil unserer Ern\u00e4hrung, wird zu einem wichtigen Partner f\u00fcr die Pflege und den Schutz der ganzen Familie.<\/p>\n<p>Wir haben die bestm\u00f6glichen Formeln gew\u00e4hlt, in denen das extranative Oliven\u00f6l als essentielle Substanz, als Ausgleich und im Einklang mit weiteren nat\u00fcrlichen Substanzen einschreitet.<\/p>\n<p>Alle unsere Produkte sind ohne Petroleumderivate und Parabene, alle Bestandteile sind zertifiziert und GVO und Bse-frei.<\/p>\n","protected":false},"excerpt":{"rendered":"<p>Extranatives Oliven\u00f6l, ein wichtiger Bestandteil unserer Ern\u00e4hrung, wird zu einem wichtigen Partner f\u00fcr die Pflege und den Schutz der ganzen Familie.<\/p>\n<p>Wir haben die bestm\u00f6glichen Formeln gew\u00e4hlt, in denen das extranative Oliven\u00f6l als essentielle Substanz, als Ausgleich und im Einklang mit weiteren nat\u00fcrlichen Substanzen einschreitet.<\/p>\n<p>Alle unsere Produkte sind ohne Petroleumderivate und Parabene, alle Bestandteile sind zertifiziert und GVO und Bse-frei.<\/p>\n","protected":false},"featured_media":631,"template":"","meta":[],"product_brand":[],"product_cat":[51],"product_tag":[],"class_list":{"0":"post-899","1":"product","2":"type-product","3":"status-publish","4":"has-post-thumbnail","6":"product_cat-kosmetik-linie","7":"product_shipping_class-salse-e-condimenti-de","9":"first","10":"instock","11":"shipping-taxable","12":"purchasable","13":"product-type-variable"},"yoast_head":"<!-- This site is optimized with the Yoast SEO plugin v26.6 - https:\/\/yoast.com\/wordpress\/plugins\/seo\/ -->\n<title>Kosmetik Linie - Frantoio Nunzi, Bevagna Umbria IT<\/title>\n<meta name=\"robots\" content=\"index, follow, max-snippet:-1, max-image-preview:large, max-video-preview:-1\" \/>\n<link rel=\"canonical\" href=\"https:\/\/www.anticofrantoionunzi.it\/de\/prodotto\/kosmetik-linie\/\" \/>\n<meta property=\"og:locale\" content=\"de_DE\" \/>\n<meta property=\"og:type\" content=\"article\" \/>\n<meta property=\"og:title\" content=\"Kosmetik Linie - Frantoio Nunzi, Bevagna Umbria IT\" \/>\n<meta property=\"og:description\" content=\"Extranatives Oliven\u00f6l, ein wichtiger Bestandteil unserer Ern\u00e4hrung, wird zu einem wichtigen Partner f\u00fcr die Pflege und den Schutz der ganzen Familie.  Wir haben die bestm\u00f6glichen Formeln gew\u00e4hlt, in denen das extranative Oliven\u00f6l als essentielle Substanz, als Ausgleich und im Einklang mit weiteren nat\u00fcrlichen Substanzen einschreitet.  Alle unsere Produkte sind ohne Petroleumderivate und Parabene, alle Bestandteile sind zertifiziert und GVO und Bse-frei.\" \/>\n<meta property=\"og:url\" content=\"https:\/\/www.anticofrantoionunzi.it\/de\/prodotto\/kosmetik-linie\/\" \/>\n<meta property=\"og:site_name\" content=\"Frantoio Nunzi, Bevagna Umbria IT\" \/>\n<meta property=\"article:modified_time\" content=\"2021-10-14T00:35:07+00:00\" \/>\n<meta property=\"og:image\" content=\"https:\/\/www.anticofrantoionunzi.it\/wp-content\/uploads\/2020\/10\/prodotti-cosmetici.png\" \/>\n\t<meta property=\"og:image:width\" content=\"565\" \/>\n\t<meta property=\"og:image:height\" content=\"475\" \/>\n\t<meta property=\"og:image:type\" content=\"image\/png\" \/>\n<meta name=\"twitter:card\" content=\"summary_large_image\" \/>\n<script type=\"application\/ld+json\" class=\"yoast-schema-graph\">{\"@context\":\"https:\/\/schema.org\",\"@graph\":[{\"@type\":\"WebPage\",\"@id\":\"https:\/\/www.anticofrantoionunzi.it\/de\/prodotto\/kosmetik-linie\/\",\"url\":\"https:\/\/www.anticofrantoionunzi.it\/de\/prodotto\/kosmetik-linie\/\",\"name\":\"Kosmetik Linie - Frantoio Nunzi, Bevagna Umbria IT\",\"isPartOf\":{\"@id\":\"https:\/\/www.anticofrantoionunzi.it\/de\/#website\"},\"primaryImageOfPage\":{\"@id\":\"https:\/\/www.anticofrantoionunzi.it\/de\/prodotto\/kosmetik-linie\/#primaryimage\"},\"image\":{\"@id\":\"https:\/\/www.anticofrantoionunzi.it\/de\/prodotto\/kosmetik-linie\/#primaryimage\"},\"thumbnailUrl\":\"https:\/\/www.anticofrantoionunzi.it\/wp-content\/uploads\/2020\/10\/prodotti-cosmetici.png\",\"datePublished\":\"2021-10-14T00:13:00+00:00\",\"dateModified\":\"2021-10-14T00:35:07+00:00\",\"breadcrumb\":{\"@id\":\"https:\/\/www.anticofrantoionunzi.it\/de\/prodotto\/kosmetik-linie\/#breadcrumb\"},\"inLanguage\":\"de\",\"potentialAction\":[{\"@type\":\"ReadAction\",\"target\":[\"https:\/\/www.anticofrantoionunzi.it\/de\/prodotto\/kosmetik-linie\/\"]}]},{\"@type\":\"ImageObject\",\"inLanguage\":\"de\",\"@id\":\"https:\/\/www.anticofrantoionunzi.it\/de\/prodotto\/kosmetik-linie\/#primaryimage\",\"url\":\"https:\/\/www.anticofrantoionunzi.it\/wp-content\/uploads\/2020\/10\/prodotti-cosmetici.png\",\"contentUrl\":\"https:\/\/www.anticofrantoionunzi.it\/wp-content\/uploads\/2020\/10\/prodotti-cosmetici.png\",\"width\":565,\"height\":475,\"caption\":\"kosmetik linie\"},{\"@type\":\"BreadcrumbList\",\"@id\":\"https:\/\/www.anticofrantoionunzi.it\/de\/prodotto\/kosmetik-linie\/#breadcrumb\",\"itemListElement\":[{\"@type\":\"ListItem\",\"position\":1,\"name\":\"Home\",\"item\":\"https:\/\/www.anticofrantoionunzi.it\/de\/\"},{\"@type\":\"ListItem\",\"position\":2,\"name\":\"Produkte\",\"item\":\"https:\/\/www.anticofrantoionunzi.it\/de\/shop\/\"},{\"@type\":\"ListItem\",\"position\":3,\"name\":\"Kosmetik Linie\"}]},{\"@type\":\"WebSite\",\"@id\":\"https:\/\/www.anticofrantoionunzi.it\/de\/#website\",\"url\":\"https:\/\/www.anticofrantoionunzi.it\/de\/\",\"name\":\"Frantoio Nunzi, Bevagna Umbria IT\",\"description\":\"Olio extravergine di oliva italiano\",\"potentialAction\":[{\"@type\":\"SearchAction\",\"target\":{\"@type\":\"EntryPoint\",\"urlTemplate\":\"https:\/\/www.anticofrantoionunzi.it\/de\/?s={search_term_string}\"},\"query-input\":{\"@type\":\"PropertyValueSpecification\",\"valueRequired\":true,\"valueName\":\"search_term_string\"}}],\"inLanguage\":\"de\"}]}<\/script>\n<!-- \/ Yoast SEO plugin. -->","yoast_head_json":{"title":"Kosmetik Linie - Frantoio Nunzi, Bevagna Umbria IT","robots":{"index":"index","follow":"follow","max-snippet":"max-snippet:-1","max-image-preview":"max-image-preview:large","max-video-preview":"max-video-preview:-1"},"canonical":"https:\/\/www.anticofrantoionunzi.it\/de\/prodotto\/kosmetik-linie\/","og_locale":"de_DE","og_type":"article","og_title":"Kosmetik Linie - Frantoio Nunzi, Bevagna Umbria IT","og_description":"Extranatives Oliven\u00f6l, ein wichtiger Bestandteil unserer Ern\u00e4hrung, wird zu einem wichtigen Partner f\u00fcr die Pflege und den Schutz der ganzen Familie.  Wir haben die bestm\u00f6glichen Formeln gew\u00e4hlt, in denen das extranative Oliven\u00f6l als essentielle Substanz, als Ausgleich und im Einklang mit weiteren nat\u00fcrlichen Substanzen einschreitet.  Alle unsere Produkte sind ohne Petroleumderivate und Parabene, alle Bestandteile sind zertifiziert und GVO und Bse-frei.","og_url":"https:\/\/www.anticofrantoionunzi.it\/de\/prodotto\/kosmetik-linie\/","og_site_name":"Frantoio Nunzi, Bevagna Umbria IT","article_modified_time":"2021-10-14T00:35:07+00:00","og_image":[{"width":565,"height":475,"url":"https:\/\/www.anticofrantoionunzi.it\/wp-content\/uploads\/2020\/10\/prodotti-cosmetici.png","type":"image\/png"}],"twitter_card":"summary_large_image","schema":{"@context":"https:\/\/schema.org","@graph":[{"@type":"WebPage","@id":"https:\/\/www.anticofrantoionunzi.it\/de\/prodotto\/kosmetik-linie\/","url":"https:\/\/www.anticofrantoionunzi.it\/de\/prodotto\/kosmetik-linie\/","name":"Kosmetik Linie - Frantoio Nunzi, Bevagna Umbria IT","isPartOf":{"@id":"https:\/\/www.anticofrantoionunzi.it\/de\/#website"},"primaryImageOfPage":{"@id":"https:\/\/www.anticofrantoionunzi.it\/de\/prodotto\/kosmetik-linie\/#primaryimage"},"image":{"@id":"https:\/\/www.anticofrantoionunzi.it\/de\/prodotto\/kosmetik-linie\/#primaryimage"},"thumbnailUrl":"https:\/\/www.anticofrantoionunzi.it\/wp-content\/uploads\/2020\/10\/prodotti-cosmetici.png","datePublished":"2021-10-14T00:13:00+00:00","dateModified":"2021-10-14T00:35:07+00:00","breadcrumb":{"@id":"https:\/\/www.anticofrantoionunzi.it\/de\/prodotto\/kosmetik-linie\/#breadcrumb"},"inLanguage":"de","potentialAction":[{"@type":"ReadAction","target":["https:\/\/www.anticofrantoionunzi.it\/de\/prodotto\/kosmetik-linie\/"]}]},{"@type":"ImageObject","inLanguage":"de","@id":"https:\/\/www.anticofrantoionunzi.it\/de\/prodotto\/kosmetik-linie\/#primaryimage","url":"https:\/\/www.anticofrantoionunzi.it\/wp-content\/uploads\/2020\/10\/prodotti-cosmetici.png","contentUrl":"https:\/\/www.anticofrantoionunzi.it\/wp-content\/uploads\/2020\/10\/prodotti-cosmetici.png","width":565,"height":475,"caption":"kosmetik linie"},{"@type":"BreadcrumbList","@id":"https:\/\/www.anticofrantoionunzi.it\/de\/prodotto\/kosmetik-linie\/#breadcrumb","itemListElement":[{"@type":"ListItem","position":1,"name":"Home","item":"https:\/\/www.anticofrantoionunzi.it\/de\/"},{"@type":"ListItem","position":2,"name":"Produkte","item":"https:\/\/www.anticofrantoionunzi.it\/de\/shop\/"},{"@type":"ListItem","position":3,"name":"Kosmetik Linie"}]},{"@type":"WebSite","@id":"https:\/\/www.anticofrantoionunzi.it\/de\/#website","url":"https:\/\/www.anticofrantoionunzi.it\/de\/","name":"Frantoio Nunzi, Bevagna Umbria IT","description":"Olio extravergine di oliva italiano","potentialAction":[{"@type":"SearchAction","target":{"@type":"EntryPoint","urlTemplate":"https:\/\/www.anticofrantoionunzi.it\/de\/?s={search_term_string}"},"query-input":{"@type":"PropertyValueSpecification","valueRequired":true,"valueName":"search_term_string"}}],"inLanguage":"de"}]}},"_links":{"self":[{"href":"https:\/\/www.anticofrantoionunzi.it\/de\/wp-json\/wp\/v2\/product\/899","targetHints":{"allow":["GET"]}}],"collection":[{"href":"https:\/\/www.anticofrantoionunzi.it\/de\/wp-json\/wp\/v2\/product"}],"about":[{"href":"https:\/\/www.anticofrantoionunzi.it\/de\/wp-json\/wp\/v2\/types\/product"}],"wp:featuredmedia":[{"embeddable":true,"href":"https:\/\/www.anticofrantoionunzi.it\/de\/wp-json\/wp\/v2\/media\/631"}],"wp:attachment":[{"href":"https:\/\/www.anticofrantoionunzi.it\/de\/wp-json\/wp\/v2\/media?parent=899"}],"wp:term":[{"taxonomy":"product_brand","embeddable":true,"href":"https:\/\/www.anticofrantoionunzi.it\/de\/wp-json\/wp\/v2\/product_brand?post=899"},{"taxonomy":"product_cat","embeddable":true,"href":"https:\/\/www.anticofrantoionunzi.it\/de\/wp-json\/wp\/v2\/product_cat?post=899"},{"taxonomy":"product_tag","embeddable":true,"href":"https:\/\/www.anticofrantoionunzi.it\/de\/wp-json\/wp\/v2\/product_tag?post=899"}],"curies":[{"name":"wp","href":"https:\/\/api.w.org\/{rel}","templated":true}]}}